{"id":19,"date":"2025-08-25T13:34:41","date_gmt":"2025-08-25T13:34:41","guid":{"rendered":"https:\/\/ferreteriatemprano.rkinformatika.online\/?page_id=19"},"modified":"2025-08-26T11:04:27","modified_gmt":"2025-08-26T11:04:27","slug":"servicios","status":"publish","type":"page","link":"https:\/\/ferreteriatemprano.com\/eu\/servicios\/","title":{"rendered":"Zerbitzuak"},"content":{"rendered":"<div data-elementor-type=\"wp-page\" data-elementor-id=\"19\" class=\"elementor elementor-19\" data-elementor-post-type=\"page\">\n\t\t\t\t<div class=\"elementor-element elementor-element-1d6f6c6 e-flex e-con-boxed e-con e-parent\" data-id=\"1d6f6c6\" data-element_type=\"container\" data-e-type=\"container\" data-settings=\"{&quot;background_background&quot;:&quot;classic&quot;}\">\n\t\t\t\t\t<div class=\"e-con-inner\">\n\t\t\t\t<div class=\"elementor-element elementor-element-1f6bdbf elementor-widget elementor-widget-heading\" data-id=\"1f6bdbf\" data-element_type=\"widget\" data-e-type=\"widget\" data-widget_type=\"heading.default\">\n\t\t\t\t\t<h2 class=\"elementor-heading-title elementor-size-default\">Productos confiables<\/h2>\t\t\t\t<\/div>\n\t\t\t\t\t<\/div>\n\t\t\t\t<\/div>\n\t\t<div class=\"elementor-element elementor-element-4b20684 e-flex e-con-boxed e-con e-parent\" data-id=\"4b20684\" data-element_type=\"container\" data-e-type=\"container\">\n\t\t\t\t\t<div class=\"e-con-inner\">\n\t\t<div class=\"elementor-element elementor-element-e079026 e-con-full e-flex e-con e-child\" data-id=\"e079026\" data-element_type=\"container\" data-e-type=\"container\">\n\t\t\t\t<div class=\"elementor-element elementor-element-b7c5643 elementor-widget elementor-widget-heading\" data-id=\"b7c5643\" data-element_type=\"widget\" data-e-type=\"widget\" data-widget_type=\"heading.default\">\n\t\t\t\t\t<h2 class=\"elementor-heading-title elementor-size-default\">Productos<\/h2>\t\t\t\t<\/div>\n\t\t\t\t<div class=\"elementor-element elementor-element-84f15fa elementor-widget elementor-widget-text-editor\" data-id=\"84f15fa\" data-element_type=\"widget\" data-e-type=\"widget\" data-widget_type=\"text-editor.default\">\n\t\t\t\t\t\t\t\t\t<p data-start=\"1098\" data-end=\"1438\">Todo lo que necesita en ferreter\u00eda.<\/p><p data-start=\"1098\" data-end=\"1438\">En Ferreter\u00eda Temprano encontrar\u00e1 productos innovadores, pr\u00e1cticos y de alta calidad para todo tipo de proyectos. Desde herramientas y cerraduras hasta rieles, buzones y accesorios profesionales, contamos con un amplio cat\u00e1logo que satisface las necesidades de nuestros clientes m\u00e1s exigentes.<\/p>\t\t\t\t\t\t\t\t<\/div>\n\t\t\t\t<\/div>\n\t\t<div class=\"elementor-element elementor-element-8d63097 e-con-full e-flex e-con e-child\" data-id=\"8d63097\" data-element_type=\"container\" data-e-type=\"container\">\n\t\t\t\t<div class=\"elementor-element elementor-element-2276865 elementor-widget elementor-widget-image\" data-id=\"2276865\" data-element_type=\"widget\" data-e-type=\"widget\" data-widget_type=\"image.default\">\n\t\t\t\t\t\t\t\t\t\t\t\t\t\t\t<img fetchpriority=\"high\" decoding=\"async\" width=\"800\" height=\"534\" src=\"https:\/\/ferreteriatemprano.com\/wp-content\/uploads\/2025\/08\/2148428321-1024x683.jpg\" class=\"attachment-large size-large wp-image-213\" alt=\"\" srcset=\"https:\/\/ferreteriatemprano.com\/wp-content\/uploads\/2025\/08\/2148428321-1024x683.jpg 1024w, https:\/\/ferreteriatemprano.com\/wp-content\/uploads\/2025\/08\/2148428321-300x200.jpg 300w, https:\/\/ferreteriatemprano.com\/wp-content\/uploads\/2025\/08\/2148428321-768x513.jpg 768w, https:\/\/ferreteriatemprano.com\/wp-content\/uploads\/2025\/08\/2148428321-18x12.jpg 18w, https:\/\/ferreteriatemprano.com\/wp-content\/uploads\/2025\/08\/2148428321.jpg 1500w\" sizes=\"(max-width: 800px) 100vw, 800px\" \/>\t\t\t\t\t\t\t\t\t\t\t\t\t\t\t<\/div>\n\t\t\t\t<\/div>\n\t\t<div class=\"elementor-element elementor-element-23f5dd1 e-con-full e-flex e-con e-child\" data-id=\"23f5dd1\" data-element_type=\"container\" data-e-type=\"container\">\n\t\t\t\t<div class=\"elementor-element elementor-element-133c102 elementor-widget elementor-widget-image\" data-id=\"133c102\" data-element_type=\"widget\" data-e-type=\"widget\" data-widget_type=\"image.default\">\n\t\t\t\t\t\t\t\t\t\t\t\t\t\t\t<img decoding=\"async\" width=\"800\" height=\"534\" src=\"https:\/\/ferreteriatemprano.com\/wp-content\/uploads\/2025\/08\/74474-1024x683.jpg\" class=\"attachment-large size-large wp-image-224\" alt=\"\" srcset=\"https:\/\/ferreteriatemprano.com\/wp-content\/uploads\/2025\/08\/74474-1024x683.jpg 1024w, https:\/\/ferreteriatemprano.com\/wp-content\/uploads\/2025\/08\/74474-300x200.jpg 300w, https:\/\/ferreteriatemprano.com\/wp-content\/uploads\/2025\/08\/74474-768x512.jpg 768w, https:\/\/ferreteriatemprano.com\/wp-content\/uploads\/2025\/08\/74474-18x12.jpg 18w, https:\/\/ferreteriatemprano.com\/wp-content\/uploads\/2025\/08\/74474.jpg 1500w\" sizes=\"(max-width: 800px) 100vw, 800px\" \/>\t\t\t\t\t\t\t\t\t\t\t\t\t\t\t<\/div>\n\t\t\t\t<\/div>\n\t\t<div class=\"elementor-element elementor-element-06cd8e6 e-con-full e-flex e-con e-child\" data-id=\"06cd8e6\" data-element_type=\"container\" data-e-type=\"container\">\n\t\t\t\t<div class=\"elementor-element elementor-element-e38fd9e elementor-widget elementor-widget-heading\" data-id=\"e38fd9e\" data-element_type=\"widget\" data-e-type=\"widget\" data-widget_type=\"heading.default\">\n\t\t\t\t\t<h2 class=\"elementor-heading-title elementor-size-default\">Zerbitzuak<\/h2>\t\t\t\t<\/div>\n\t\t\t\t<div class=\"elementor-element elementor-element-e1958e0 elementor-widget elementor-widget-text-editor\" data-id=\"e1958e0\" data-element_type=\"widget\" data-e-type=\"widget\" data-widget_type=\"text-editor.default\">\n\t\t\t\t\t\t\t\t\t<p data-start=\"1465\" data-end=\"1594\">Soluciones completas a su medida<br data-start=\"1501\" data-end=\"1504\" \/>Adem\u00e1s de ofrecer productos de primera calidad, brindamos servicios especializados como:<\/p><ul data-start=\"1595\" data-end=\"1767\"><li data-start=\"1595\" data-end=\"1627\"><p data-start=\"1597\" data-end=\"1627\">Colocaci\u00f3n de cerraduras<\/p><\/li><li data-start=\"1628\" data-end=\"1680\"><p data-start=\"1630\" data-end=\"1680\">Instalaci\u00f3n de rieles y sistemas de apertura<\/p><\/li><li data-start=\"1681\" data-end=\"1707\"><p data-start=\"1683\" data-end=\"1707\">Montaje de buzones<\/p><\/li><li data-start=\"1708\" data-end=\"1767\"><p data-start=\"1710\" data-end=\"1767\">Asesoramiento y soluciones personalizadas en ferreter\u00eda<\/p><\/li><\/ul>\t\t\t\t\t\t\t\t<\/div>\n\t\t\t\t<\/div>\n\t\t\t\t\t<\/div>\n\t\t\t\t<\/div>\n\t\t<div class=\"elementor-element elementor-element-66f92cd e-con-full e-flex e-con e-parent\" data-id=\"66f92cd\" data-element_type=\"container\" data-e-type=\"container\" data-settings=\"{&quot;background_background&quot;:&quot;classic&quot;}\">\n\t\t\t\t<div class=\"elementor-element elementor-element-9583852 elementor-cta--skin-cover elementor-animated-content elementor-bg-transform elementor-bg-transform-zoom-in elementor-widget elementor-widget-call-to-action\" data-id=\"9583852\" data-element_type=\"widget\" data-e-type=\"widget\" data-widget_type=\"call-to-action.default\">\n\t\t\t\t\t\t\t<div class=\"elementor-cta\">\n\t\t\t\t\t<div class=\"elementor-cta__bg-wrapper\">\n\t\t\t\t<div class=\"elementor-cta__bg elementor-bg\" style=\"background-image: url(https:\/\/ferreteriatemprano.com\/wp-content\/uploads\/2025\/08\/3062-1024x703.jpg);\" role=\"img\" aria-label=\"3062\"><\/div>\n\t\t\t\t<div class=\"elementor-cta__bg-overlay\"><\/div>\n\t\t\t<\/div>\n\t\t\t\t\t\t\t<div class=\"elementor-cta__content\">\n\t\t\t\t\n\t\t\t\t\t\t\t\t\t<h2 class=\"elementor-cta__title elementor-cta__content-item elementor-content-item elementor-animated-item--grow\">\n\t\t\t\t\t\tEstamos aqu\u00ed para ayudarte\t\t\t\t\t<\/h2>\n\t\t\t\t\n\t\t\t\t\t\t\t\t\t<div class=\"elementor-cta__description elementor-cta__content-item elementor-content-item elementor-animated-item--grow\">\n\t\t\t\t\t\t\u00bfNecesita asesoramiento, un producto espec\u00edfico o un servicio de instalaci\u00f3n?\t\t\t\t\t<\/div>\n\t\t\t\t\n\t\t\t\t\t\t\t\t\t<div class=\"elementor-cta__button-wrapper elementor-cta__content-item elementor-content-item elementor-animated-item--grow\">\n\t\t\t\t\t<a class=\"elementor-cta__button elementor-button elementor-size-\" href=\"https:\/\/ferreteriatemprano.com\/eu\/contacto\/\">\n\t\t\t\t\t\tCONTACTO\t\t\t\t\t<\/a>\n\t\t\t\t\t<\/div>\n\t\t\t\t\t\t\t<\/div>\n\t\t\t\t\t\t<\/div>\n\t\t\t\t\t\t<\/div>\n\t\t\t\t<\/div>\n\t\t\t\t<\/div>","protected":false},"excerpt":{"rendered":"<p>Productos confiables Productos Todo lo que necesita en ferreter\u00eda. En Ferreter\u00eda Temprano encontrar\u00e1 productos innovadores, pr\u00e1cticos y de alta calidad para todo tipo de proyectos. Desde herramientas y cerraduras hasta rieles, buzones y accesorios profesionales, contamos con un amplio cat\u00e1logo que satisface las necesidades de nuestros clientes m\u00e1s exigentes. Servicios Soluciones completas a su medidaAdem\u00e1s [&hellip;]<\/p>\n","protected":false},"author":1,"featured_media":0,"parent":0,"menu_order":0,"comment_status":"closed","ping_status":"closed","template":"elementor_canvas","meta":{"footnotes":""},"class_list":["post-19","page","type-page","status-publish","hentry"],"yoast_head":"<!-- This site is optimized with the Yoast SEO plugin v27.5 - https:\/\/yoast.com\/product\/yoast-seo-wordpress\/ -->\n<title>Servicios - Ferreter\u00eda Temprano<\/title>\n<meta name=\"robots\" content=\"index, follow, max-snippet:-1, max-image-preview:large, max-video-preview:-1\" \/>\n<link rel=\"canonical\" href=\"https:\/\/ferreteriatemprano.com\/eu\/servicios\/\" \/>\n<meta property=\"og:locale\" content=\"en_US\" \/>\n<meta property=\"og:type\" content=\"article\" \/>\n<meta property=\"og:title\" content=\"Servicios - Ferreter\u00eda Temprano\" \/>\n<meta property=\"og:description\" content=\"Productos confiables Productos Todo lo que necesita en ferreter\u00eda. En Ferreter\u00eda Temprano encontrar\u00e1 productos innovadores, pr\u00e1cticos y de alta calidad para todo tipo de proyectos. Desde herramientas y cerraduras hasta rieles, buzones y accesorios profesionales, contamos con un amplio cat\u00e1logo que satisface las necesidades de nuestros clientes m\u00e1s exigentes. Servicios Soluciones completas a su medidaAdem\u00e1s [&hellip;]\" \/>\n<meta property=\"og:url\" content=\"https:\/\/ferreteriatemprano.com\/eu\/servicios\/\" \/>\n<meta property=\"og:site_name\" content=\"Ferreter\u00eda Temprano\" \/>\n<meta property=\"article:modified_time\" content=\"2025-08-26T11:04:27+00:00\" \/>\n<meta property=\"og:image\" content=\"https:\/\/ferreteriatemprano.com\/wp-content\/uploads\/2025\/08\/2148428321-1024x683.jpg\" \/>\n<meta name=\"twitter:card\" content=\"summary_large_image\" \/>\n<meta name=\"twitter:label1\" content=\"Est. reading time\" \/>\n\t<meta name=\"twitter:data1\" content=\"1 minutua\" \/>\n<script type=\"application\/ld+json\" class=\"yoast-schema-graph\">{\"@context\":\"https:\\\/\\\/schema.org\",\"@graph\":[{\"@type\":\"WebPage\",\"@id\":\"https:\\\/\\\/ferreteriatemprano.com\\\/servicios\\\/\",\"url\":\"https:\\\/\\\/ferreteriatemprano.com\\\/servicios\\\/\",\"name\":\"Servicios - Ferreter\u00eda Temprano\",\"isPartOf\":{\"@id\":\"https:\\\/\\\/ferreteriatemprano.com\\\/#website\"},\"primaryImageOfPage\":{\"@id\":\"https:\\\/\\\/ferreteriatemprano.com\\\/servicios\\\/#primaryimage\"},\"image\":{\"@id\":\"https:\\\/\\\/ferreteriatemprano.com\\\/servicios\\\/#primaryimage\"},\"thumbnailUrl\":\"https:\\\/\\\/ferreteriatemprano.com\\\/wp-content\\\/uploads\\\/2025\\\/08\\\/2148428321-1024x683.jpg\",\"datePublished\":\"2025-08-25T13:34:41+00:00\",\"dateModified\":\"2025-08-26T11:04:27+00:00\",\"breadcrumb\":{\"@id\":\"https:\\\/\\\/ferreteriatemprano.com\\\/servicios\\\/#breadcrumb\"},\"inLanguage\":\"eu\",\"potentialAction\":[{\"@type\":\"ReadAction\",\"target\":[\"https:\\\/\\\/ferreteriatemprano.com\\\/servicios\\\/\"]}]},{\"@type\":\"ImageObject\",\"inLanguage\":\"eu\",\"@id\":\"https:\\\/\\\/ferreteriatemprano.com\\\/servicios\\\/#primaryimage\",\"url\":\"https:\\\/\\\/ferreteriatemprano.com\\\/wp-content\\\/uploads\\\/2025\\\/08\\\/2148428321-1024x683.jpg\",\"contentUrl\":\"https:\\\/\\\/ferreteriatemprano.com\\\/wp-content\\\/uploads\\\/2025\\\/08\\\/2148428321-1024x683.jpg\"},{\"@type\":\"BreadcrumbList\",\"@id\":\"https:\\\/\\\/ferreteriatemprano.com\\\/servicios\\\/#breadcrumb\",\"itemListElement\":[{\"@type\":\"ListItem\",\"position\":1,\"name\":\"Portada\",\"item\":\"https:\\\/\\\/ferreteriatemprano.com\\\/\"},{\"@type\":\"ListItem\",\"position\":2,\"name\":\"Servicios\"}]},{\"@type\":\"WebSite\",\"@id\":\"https:\\\/\\\/ferreteriatemprano.com\\\/#website\",\"url\":\"https:\\\/\\\/ferreteriatemprano.com\\\/\",\"name\":\"Ferreter\u00eda Temprano\",\"description\":\"Ferreter\u00eda\",\"publisher\":{\"@id\":\"https:\\\/\\\/ferreteriatemprano.com\\\/#organization\"},\"potentialAction\":[{\"@type\":\"SearchAction\",\"target\":{\"@type\":\"EntryPoint\",\"urlTemplate\":\"https:\\\/\\\/ferreteriatemprano.com\\\/?s={search_term_string}\"},\"query-input\":{\"@type\":\"PropertyValueSpecification\",\"valueRequired\":true,\"valueName\":\"search_term_string\"}}],\"inLanguage\":\"eu\"},{\"@type\":\"Organization\",\"@id\":\"https:\\\/\\\/ferreteriatemprano.com\\\/#organization\",\"name\":\"Ferreter\u00eda Temprano\",\"url\":\"https:\\\/\\\/ferreteriatemprano.com\\\/\",\"logo\":{\"@type\":\"ImageObject\",\"inLanguage\":\"eu\",\"@id\":\"https:\\\/\\\/ferreteriatemprano.com\\\/#\\\/schema\\\/logo\\\/image\\\/\",\"url\":\"https:\\\/\\\/ferreteriatemprano.com\\\/wp-content\\\/uploads\\\/2025\\\/08\\\/cropped-Diseno-sin-titulo.png\",\"contentUrl\":\"https:\\\/\\\/ferreteriatemprano.com\\\/wp-content\\\/uploads\\\/2025\\\/08\\\/cropped-Diseno-sin-titulo.png\",\"width\":406,\"height\":240,\"caption\":\"Ferreter\u00eda Temprano\"},\"image\":{\"@id\":\"https:\\\/\\\/ferreteriatemprano.com\\\/#\\\/schema\\\/logo\\\/image\\\/\"}}]}<\/script>\n<!-- \/ Yoast SEO plugin. -->","yoast_head_json":{"title":"Servicios - Ferreter\u00eda Temprano","robots":{"index":"index","follow":"follow","max-snippet":"max-snippet:-1","max-image-preview":"max-image-preview:large","max-video-preview":"max-video-preview:-1"},"canonical":"https:\/\/ferreteriatemprano.com\/eu\/servicios\/","og_locale":"en_US","og_type":"article","og_title":"Servicios - Ferreter\u00eda Temprano","og_description":"Productos confiables Productos Todo lo que necesita en ferreter\u00eda. En Ferreter\u00eda Temprano encontrar\u00e1 productos innovadores, pr\u00e1cticos y de alta calidad para todo tipo de proyectos. Desde herramientas y cerraduras hasta rieles, buzones y accesorios profesionales, contamos con un amplio cat\u00e1logo que satisface las necesidades de nuestros clientes m\u00e1s exigentes. Servicios Soluciones completas a su medidaAdem\u00e1s [&hellip;]","og_url":"https:\/\/ferreteriatemprano.com\/eu\/servicios\/","og_site_name":"Ferreter\u00eda Temprano","article_modified_time":"2025-08-26T11:04:27+00:00","og_image":[{"url":"https:\/\/ferreteriatemprano.com\/wp-content\/uploads\/2025\/08\/2148428321-1024x683.jpg","type":"","width":"","height":""}],"twitter_card":"summary_large_image","twitter_misc":{"Est. reading time":"1 minutua"},"schema":{"@context":"https:\/\/schema.org","@graph":[{"@type":"WebPage","@id":"https:\/\/ferreteriatemprano.com\/servicios\/","url":"https:\/\/ferreteriatemprano.com\/servicios\/","name":"Servicios - Ferreter\u00eda Temprano","isPartOf":{"@id":"https:\/\/ferreteriatemprano.com\/#website"},"primaryImageOfPage":{"@id":"https:\/\/ferreteriatemprano.com\/servicios\/#primaryimage"},"image":{"@id":"https:\/\/ferreteriatemprano.com\/servicios\/#primaryimage"},"thumbnailUrl":"https:\/\/ferreteriatemprano.com\/wp-content\/uploads\/2025\/08\/2148428321-1024x683.jpg","datePublished":"2025-08-25T13:34:41+00:00","dateModified":"2025-08-26T11:04:27+00:00","breadcrumb":{"@id":"https:\/\/ferreteriatemprano.com\/servicios\/#breadcrumb"},"inLanguage":"eu","potentialAction":[{"@type":"ReadAction","target":["https:\/\/ferreteriatemprano.com\/servicios\/"]}]},{"@type":"ImageObject","inLanguage":"eu","@id":"https:\/\/ferreteriatemprano.com\/servicios\/#primaryimage","url":"https:\/\/ferreteriatemprano.com\/wp-content\/uploads\/2025\/08\/2148428321-1024x683.jpg","contentUrl":"https:\/\/ferreteriatemprano.com\/wp-content\/uploads\/2025\/08\/2148428321-1024x683.jpg"},{"@type":"BreadcrumbList","@id":"https:\/\/ferreteriatemprano.com\/servicios\/#breadcrumb","itemListElement":[{"@type":"ListItem","position":1,"name":"Portada","item":"https:\/\/ferreteriatemprano.com\/"},{"@type":"ListItem","position":2,"name":"Servicios"}]},{"@type":"WebSite","@id":"https:\/\/ferreteriatemprano.com\/#website","url":"https:\/\/ferreteriatemprano.com\/","name":"Burdindegi goiztiarra","description":"Ferreter\u00eda","publisher":{"@id":"https:\/\/ferreteriatemprano.com\/#organization"},"potentialAction":[{"@type":"SearchAction","target":{"@type":"EntryPoint","urlTemplate":"https:\/\/ferreteriatemprano.com\/?s={search_term_string}"},"query-input":{"@type":"PropertyValueSpecification","valueRequired":true,"valueName":"search_term_string"}}],"inLanguage":"eu"},{"@type":"Organization","@id":"https:\/\/ferreteriatemprano.com\/#organization","name":"Burdindegi goiztiarra","url":"https:\/\/ferreteriatemprano.com\/","logo":{"@type":"ImageObject","inLanguage":"eu","@id":"https:\/\/ferreteriatemprano.com\/#\/schema\/logo\/image\/","url":"https:\/\/ferreteriatemprano.com\/wp-content\/uploads\/2025\/08\/cropped-Diseno-sin-titulo.png","contentUrl":"https:\/\/ferreteriatemprano.com\/wp-content\/uploads\/2025\/08\/cropped-Diseno-sin-titulo.png","width":406,"height":240,"caption":"Ferreter\u00eda Temprano"},"image":{"@id":"https:\/\/ferreteriatemprano.com\/#\/schema\/logo\/image\/"}}]}},"_links":{"self":[{"href":"https:\/\/ferreteriatemprano.com\/eu\/wp-json\/wp\/v2\/pages\/19","targetHints":{"allow":["GET"]}}],"collection":[{"href":"https:\/\/ferreteriatemprano.com\/eu\/wp-json\/wp\/v2\/pages"}],"about":[{"href":"https:\/\/ferreteriatemprano.com\/eu\/wp-json\/wp\/v2\/types\/page"}],"author":[{"embeddable":true,"href":"https:\/\/ferreteriatemprano.com\/eu\/wp-json\/wp\/v2\/users\/1"}],"replies":[{"embeddable":true,"href":"https:\/\/ferreteriatemprano.com\/eu\/wp-json\/wp\/v2\/comments?post=19"}],"version-history":[{"count":40,"href":"https:\/\/ferreteriatemprano.com\/eu\/wp-json\/wp\/v2\/pages\/19\/revisions"}],"predecessor-version":[{"id":239,"href":"https:\/\/ferreteriatemprano.com\/eu\/wp-json\/wp\/v2\/pages\/19\/revisions\/239"}],"wp:attachment":[{"href":"https:\/\/ferreteriatemprano.com\/eu\/wp-json\/wp\/v2\/media?parent=19"}],"curies":[{"name":"wp","href":"https:\/\/api.w.org\/{rel}","templated":true}]}}