{"id":16,"date":"2025-08-25T13:33:42","date_gmt":"2025-08-25T13:33:42","guid":{"rendered":"https:\/\/ferreteriatemprano.rkinformatika.online\/?page_id=16"},"modified":"2025-08-26T11:03:34","modified_gmt":"2025-08-26T11:03:34","slug":"inicio","status":"publish","type":"page","link":"https:\/\/ferreteriatemprano.com\/eu\/","title":{"rendered":"Hasiera"},"content":{"rendered":"<div data-elementor-type=\"wp-page\" data-elementor-id=\"16\" class=\"elementor elementor-16\" data-elementor-post-type=\"page\">\n\t\t\t\t<div class=\"elementor-element elementor-element-a218961 e-flex e-con-boxed e-con e-parent\" data-id=\"a218961\" data-element_type=\"container\" data-e-type=\"container\" data-settings=\"{&quot;background_background&quot;:&quot;classic&quot;}\">\n\t\t\t\t\t<div class=\"e-con-inner\">\n\t\t\t\t<div class=\"elementor-element elementor-element-c4e915c elementor-widget elementor-widget-heading\" data-id=\"c4e915c\" data-element_type=\"widget\" data-e-type=\"widget\" data-widget_type=\"heading.default\">\n\t\t\t\t\t<h2 class=\"elementor-heading-title elementor-size-default\">Burdindegi goiztiarra<\/h2>\t\t\t\t<\/div>\n\t\t\t\t\t<\/div>\n\t\t\t\t<\/div>\n\t\t<div class=\"elementor-element elementor-element-c8897e1 e-flex e-con-boxed e-con e-parent\" data-id=\"c8897e1\" data-element_type=\"container\" data-e-type=\"container\" data-settings=\"{&quot;background_background&quot;:&quot;classic&quot;}\">\n\t\t\t\t\t<div class=\"e-con-inner\">\n\t\t<div class=\"elementor-element elementor-element-0b9d94f e-con-full e-flex e-con e-child\" data-id=\"0b9d94f\" data-element_type=\"container\" data-e-type=\"container\">\n\t\t\t\t<div class=\"elementor-element elementor-element-c528500 elementor-widget elementor-widget-heading\" data-id=\"c528500\" data-element_type=\"widget\" data-e-type=\"widget\" data-widget_type=\"heading.default\">\n\t\t\t\t\t<h2 class=\"elementor-heading-title elementor-size-default\">Guri buruz<\/h2>\t\t\t\t<\/div>\n\t\t\t\t<div class=\"elementor-element elementor-element-ded8c22 elementor-widget elementor-widget-text-editor\" data-id=\"ded8c22\" data-element_type=\"widget\" data-e-type=\"widget\" data-widget_type=\"text-editor.default\">\n\t\t\t\t\t\t\t\t\t<p data-start=\"155\" data-end=\"254\">Enpresa honek 60 urte baino gehiagoko esperientzia darama burdindegiaren sektorean, eta adeitasunez eta kalitatez eskaintzen ditu bere bezeroek eskatutako produkturik beharrezkoenak, berritzaileenak eta profesionalenak; horien artean daude Euskadiko enpresa nabarmenak eta hainbat komunitate.<\/p><p data-start=\"155\" data-end=\"254\">Hainbat zerbitzu ematen ditugu, hala nola sarrailak jartzea, errailak jartzea, postontziak eta burdindegiarekin lotutako hainbat produktu.<\/p>\t\t\t\t\t\t\t\t<\/div>\n\t\t\t\t<\/div>\n\t\t<div class=\"elementor-element elementor-element-c96f05a e-con-full e-flex e-con e-child\" data-id=\"c96f05a\" data-element_type=\"container\" data-e-type=\"container\">\n\t\t\t\t<div class=\"elementor-element elementor-element-0851cc3 elementor-widget elementor-widget-image\" data-id=\"0851cc3\" data-element_type=\"widget\" data-e-type=\"widget\" data-widget_type=\"image.default\">\n\t\t\t\t\t\t\t\t\t\t\t\t\t\t\t<img fetchpriority=\"high\" decoding=\"async\" width=\"800\" height=\"800\" src=\"https:\/\/ferreteriatemprano.com\/wp-content\/uploads\/2025\/08\/Diseno-sin-titulo-4.png\" class=\"attachment-large size-large wp-image-120\" alt=\"\" srcset=\"https:\/\/ferreteriatemprano.com\/wp-content\/uploads\/2025\/08\/Diseno-sin-titulo-4.png 1000w, https:\/\/ferreteriatemprano.com\/wp-content\/uploads\/2025\/08\/Diseno-sin-titulo-4-300x300.png 300w, https:\/\/ferreteriatemprano.com\/wp-content\/uploads\/2025\/08\/Diseno-sin-titulo-4-150x150.png 150w, https:\/\/ferreteriatemprano.com\/wp-content\/uploads\/2025\/08\/Diseno-sin-titulo-4-768x768.png 768w, https:\/\/ferreteriatemprano.com\/wp-content\/uploads\/2025\/08\/Diseno-sin-titulo-4-12x12.png 12w\" sizes=\"(max-width: 800px) 100vw, 800px\" \/>\t\t\t\t\t\t\t\t\t\t\t\t\t\t\t<\/div>\n\t\t\t\t<\/div>\n\t\t\t\t\t<\/div>\n\t\t\t\t<\/div>\n\t\t<div class=\"elementor-element elementor-element-e5cf222 e-con-full e-flex e-con e-parent\" data-id=\"e5cf222\" data-element_type=\"container\" data-e-type=\"container\" data-settings=\"{&quot;background_background&quot;:&quot;classic&quot;}\">\n\t\t\t\t<div class=\"elementor-element elementor-element-51b9975 elementor-cta--skin-cover elementor-animated-content elementor-bg-transform elementor-bg-transform-zoom-in elementor-widget elementor-widget-call-to-action\" data-id=\"51b9975\" data-element_type=\"widget\" data-e-type=\"widget\" data-widget_type=\"call-to-action.default\">\n\t\t\t\t\t\t\t<div class=\"elementor-cta\">\n\t\t\t\t\t<div class=\"elementor-cta__bg-wrapper\">\n\t\t\t\t<div class=\"elementor-cta__bg elementor-bg\" style=\"background-image: url(https:\/\/ferreteriatemprano.com\/wp-content\/uploads\/2025\/08\/3062-1024x703.jpg);\" role=\"img\" aria-label=\"3062\"><\/div>\n\t\t\t\t<div class=\"elementor-cta__bg-overlay\"><\/div>\n\t\t\t<\/div>\n\t\t\t\t\t\t\t<div class=\"elementor-cta__content\">\n\t\t\t\t\n\t\t\t\t\t\t\t\t\t<h2 class=\"elementor-cta__title elementor-cta__content-item elementor-content-item elementor-animated-item--grow\">\n\t\t\t\t\t\tDenboran mantentzen den konfiantza\t\t\t\t\t<\/h2>\n\t\t\t\t\n\t\t\t\t\t\t\t\t\t<div class=\"elementor-cta__description elementor-cta__content-item elementor-content-item elementor-animated-item--grow\">\n\t\t\t\t\t\tErremintak eta sarrailak, errailak, postontziak eta osagarri profesionalak.\t\t\t\t\t<\/div>\n\t\t\t\t\n\t\t\t\t\t\t\t\t\t<div class=\"elementor-cta__button-wrapper elementor-cta__content-item elementor-content-item elementor-animated-item--grow\">\n\t\t\t\t\t<a class=\"elementor-cta__button elementor-button elementor-size-\" href=\"https:\/\/ferreteriatemprano.com\/eu\/servicios\/\">\n\t\t\t\t\t\tGehiago jakin\t\t\t\t\t<\/a>\n\t\t\t\t\t<\/div>\n\t\t\t\t\t\t\t<\/div>\n\t\t\t\t\t\t<\/div>\n\t\t\t\t\t\t<\/div>\n\t\t\t\t<\/div>\n\t\t\t\t<\/div>","protected":false},"excerpt":{"rendered":"<p>Ferreter\u00eda Temprano Sobre Nosotros Somos una empresa que llevamos m\u00e1s de 60 a\u00f1os de experiencia en el sector de la ferreter\u00eda, ofreciendo con amabilidad y calidad en el servicio, los productos m\u00e1s necesarios, innovadores y profesionales, demandados por sus clientes, entre los que se encuentran destacadas empresas de Euskadi, y diversas comunidades. Damos servicios varios [&hellip;]<\/p>\n","protected":false},"author":1,"featured_media":0,"parent":0,"menu_order":0,"comment_status":"closed","ping_status":"closed","template":"elementor_canvas","meta":{"footnotes":""},"class_list":["post-16","page","type-page","status-publish","hentry"],"yoast_head":"<!-- This site is optimized with the Yoast SEO plugin v27.5 - https:\/\/yoast.com\/product\/yoast-seo-wordpress\/ -->\n<title>Inicio - Ferreter\u00eda Temprano<\/title>\n<meta name=\"robots\" content=\"index, follow, max-snippet:-1, max-image-preview:large, max-video-preview:-1\" \/>\n<link rel=\"canonical\" href=\"https:\/\/ferreteriatemprano.com\/eu\/\" \/>\n<meta property=\"og:locale\" content=\"en_US\" \/>\n<meta property=\"og:type\" content=\"article\" \/>\n<meta property=\"og:title\" content=\"Inicio - Ferreter\u00eda Temprano\" \/>\n<meta property=\"og:description\" content=\"Ferreter\u00eda Temprano Sobre Nosotros Somos una empresa que llevamos m\u00e1s de 60 a\u00f1os de experiencia en el sector de la ferreter\u00eda, ofreciendo con amabilidad y calidad en el servicio, los productos m\u00e1s necesarios, innovadores y profesionales, demandados por sus clientes, entre los que se encuentran destacadas empresas de Euskadi, y diversas comunidades. Damos servicios varios [&hellip;]\" \/>\n<meta property=\"og:url\" content=\"https:\/\/ferreteriatemprano.com\/eu\/\" \/>\n<meta property=\"og:site_name\" content=\"Ferreter\u00eda Temprano\" \/>\n<meta property=\"article:modified_time\" content=\"2025-08-26T11:03:34+00:00\" \/>\n<meta property=\"og:image\" content=\"https:\/\/ferreteriatemprano.com\/wp-content\/uploads\/2025\/08\/Diseno-sin-titulo-4.png\" \/>\n<meta name=\"twitter:card\" content=\"summary_large_image\" \/>\n<meta name=\"twitter:label1\" content=\"Est. reading time\" \/>\n\t<meta name=\"twitter:data1\" content=\"1 minutua\" \/>\n<script type=\"application\/ld+json\" class=\"yoast-schema-graph\">{\"@context\":\"https:\\\/\\\/schema.org\",\"@graph\":[{\"@type\":\"WebPage\",\"@id\":\"https:\\\/\\\/ferreteriatemprano.com\\\/\",\"url\":\"https:\\\/\\\/ferreteriatemprano.com\\\/\",\"name\":\"Inicio - Ferreter\u00eda Temprano\",\"isPartOf\":{\"@id\":\"https:\\\/\\\/ferreteriatemprano.com\\\/#website\"},\"primaryImageOfPage\":{\"@id\":\"https:\\\/\\\/ferreteriatemprano.com\\\/#primaryimage\"},\"image\":{\"@id\":\"https:\\\/\\\/ferreteriatemprano.com\\\/#primaryimage\"},\"thumbnailUrl\":\"https:\\\/\\\/ferreteriatemprano.com\\\/wp-content\\\/uploads\\\/2025\\\/08\\\/Diseno-sin-titulo-4.png\",\"datePublished\":\"2025-08-25T13:33:42+00:00\",\"dateModified\":\"2025-08-26T11:03:34+00:00\",\"breadcrumb\":{\"@id\":\"https:\\\/\\\/ferreteriatemprano.com\\\/#breadcrumb\"},\"inLanguage\":\"eu\",\"potentialAction\":[{\"@type\":\"ReadAction\",\"target\":[\"https:\\\/\\\/ferreteriatemprano.com\\\/\"]}]},{\"@type\":\"ImageObject\",\"inLanguage\":\"eu\",\"@id\":\"https:\\\/\\\/ferreteriatemprano.com\\\/#primaryimage\",\"url\":\"https:\\\/\\\/ferreteriatemprano.com\\\/wp-content\\\/uploads\\\/2025\\\/08\\\/Diseno-sin-titulo-4.png\",\"contentUrl\":\"https:\\\/\\\/ferreteriatemprano.com\\\/wp-content\\\/uploads\\\/2025\\\/08\\\/Diseno-sin-titulo-4.png\"},{\"@type\":\"BreadcrumbList\",\"@id\":\"https:\\\/\\\/ferreteriatemprano.com\\\/#breadcrumb\",\"itemListElement\":[{\"@type\":\"ListItem\",\"position\":1,\"name\":\"Portada\",\"item\":\"https:\\\/\\\/ferreteriatemprano.com\\\/\"},{\"@type\":\"ListItem\",\"position\":2,\"name\":\"Inicio\"}]},{\"@type\":\"WebSite\",\"@id\":\"https:\\\/\\\/ferreteriatemprano.com\\\/#website\",\"url\":\"https:\\\/\\\/ferreteriatemprano.com\\\/\",\"name\":\"Ferreter\u00eda Temprano\",\"description\":\"Ferreter\u00eda\",\"publisher\":{\"@id\":\"https:\\\/\\\/ferreteriatemprano.com\\\/#organization\"},\"potentialAction\":[{\"@type\":\"SearchAction\",\"target\":{\"@type\":\"EntryPoint\",\"urlTemplate\":\"https:\\\/\\\/ferreteriatemprano.com\\\/?s={search_term_string}\"},\"query-input\":{\"@type\":\"PropertyValueSpecification\",\"valueRequired\":true,\"valueName\":\"search_term_string\"}}],\"inLanguage\":\"eu\"},{\"@type\":\"Organization\",\"@id\":\"https:\\\/\\\/ferreteriatemprano.com\\\/#organization\",\"name\":\"Ferreter\u00eda Temprano\",\"url\":\"https:\\\/\\\/ferreteriatemprano.com\\\/\",\"logo\":{\"@type\":\"ImageObject\",\"inLanguage\":\"eu\",\"@id\":\"https:\\\/\\\/ferreteriatemprano.com\\\/#\\\/schema\\\/logo\\\/image\\\/\",\"url\":\"https:\\\/\\\/ferreteriatemprano.com\\\/wp-content\\\/uploads\\\/2025\\\/08\\\/cropped-Diseno-sin-titulo.png\",\"contentUrl\":\"https:\\\/\\\/ferreteriatemprano.com\\\/wp-content\\\/uploads\\\/2025\\\/08\\\/cropped-Diseno-sin-titulo.png\",\"width\":406,\"height\":240,\"caption\":\"Ferreter\u00eda Temprano\"},\"image\":{\"@id\":\"https:\\\/\\\/ferreteriatemprano.com\\\/#\\\/schema\\\/logo\\\/image\\\/\"}}]}<\/script>\n<!-- \/ Yoast SEO plugin. -->","yoast_head_json":{"title":"Inicio - Ferreter\u00eda Temprano","robots":{"index":"index","follow":"follow","max-snippet":"max-snippet:-1","max-image-preview":"max-image-preview:large","max-video-preview":"max-video-preview:-1"},"canonical":"https:\/\/ferreteriatemprano.com\/eu\/","og_locale":"en_US","og_type":"article","og_title":"Inicio - Ferreter\u00eda Temprano","og_description":"Ferreter\u00eda Temprano Sobre Nosotros Somos una empresa que llevamos m\u00e1s de 60 a\u00f1os de experiencia en el sector de la ferreter\u00eda, ofreciendo con amabilidad y calidad en el servicio, los productos m\u00e1s necesarios, innovadores y profesionales, demandados por sus clientes, entre los que se encuentran destacadas empresas de Euskadi, y diversas comunidades. Damos servicios varios [&hellip;]","og_url":"https:\/\/ferreteriatemprano.com\/eu\/","og_site_name":"Ferreter\u00eda Temprano","article_modified_time":"2025-08-26T11:03:34+00:00","og_image":[{"url":"https:\/\/ferreteriatemprano.com\/wp-content\/uploads\/2025\/08\/Diseno-sin-titulo-4.png","type":"","width":"","height":""}],"twitter_card":"summary_large_image","twitter_misc":{"Est. reading time":"1 minutua"},"schema":{"@context":"https:\/\/schema.org","@graph":[{"@type":"WebPage","@id":"https:\/\/ferreteriatemprano.com\/","url":"https:\/\/ferreteriatemprano.com\/","name":"Inicio - Ferreter\u00eda Temprano","isPartOf":{"@id":"https:\/\/ferreteriatemprano.com\/#website"},"primaryImageOfPage":{"@id":"https:\/\/ferreteriatemprano.com\/#primaryimage"},"image":{"@id":"https:\/\/ferreteriatemprano.com\/#primaryimage"},"thumbnailUrl":"https:\/\/ferreteriatemprano.com\/wp-content\/uploads\/2025\/08\/Diseno-sin-titulo-4.png","datePublished":"2025-08-25T13:33:42+00:00","dateModified":"2025-08-26T11:03:34+00:00","breadcrumb":{"@id":"https:\/\/ferreteriatemprano.com\/#breadcrumb"},"inLanguage":"eu","potentialAction":[{"@type":"ReadAction","target":["https:\/\/ferreteriatemprano.com\/"]}]},{"@type":"ImageObject","inLanguage":"eu","@id":"https:\/\/ferreteriatemprano.com\/#primaryimage","url":"https:\/\/ferreteriatemprano.com\/wp-content\/uploads\/2025\/08\/Diseno-sin-titulo-4.png","contentUrl":"https:\/\/ferreteriatemprano.com\/wp-content\/uploads\/2025\/08\/Diseno-sin-titulo-4.png"},{"@type":"BreadcrumbList","@id":"https:\/\/ferreteriatemprano.com\/#breadcrumb","itemListElement":[{"@type":"ListItem","position":1,"name":"Portada","item":"https:\/\/ferreteriatemprano.com\/"},{"@type":"ListItem","position":2,"name":"Inicio"}]},{"@type":"WebSite","@id":"https:\/\/ferreteriatemprano.com\/#website","url":"https:\/\/ferreteriatemprano.com\/","name":"Burdindegi goiztiarra","description":"Ferreter\u00eda","publisher":{"@id":"https:\/\/ferreteriatemprano.com\/#organization"},"potentialAction":[{"@type":"SearchAction","target":{"@type":"EntryPoint","urlTemplate":"https:\/\/ferreteriatemprano.com\/?s={search_term_string}"},"query-input":{"@type":"PropertyValueSpecification","valueRequired":true,"valueName":"search_term_string"}}],"inLanguage":"eu"},{"@type":"Organization","@id":"https:\/\/ferreteriatemprano.com\/#organization","name":"Burdindegi goiztiarra","url":"https:\/\/ferreteriatemprano.com\/","logo":{"@type":"ImageObject","inLanguage":"eu","@id":"https:\/\/ferreteriatemprano.com\/#\/schema\/logo\/image\/","url":"https:\/\/ferreteriatemprano.com\/wp-content\/uploads\/2025\/08\/cropped-Diseno-sin-titulo.png","contentUrl":"https:\/\/ferreteriatemprano.com\/wp-content\/uploads\/2025\/08\/cropped-Diseno-sin-titulo.png","width":406,"height":240,"caption":"Ferreter\u00eda Temprano"},"image":{"@id":"https:\/\/ferreteriatemprano.com\/#\/schema\/logo\/image\/"}}]}},"_links":{"self":[{"href":"https:\/\/ferreteriatemprano.com\/eu\/wp-json\/wp\/v2\/pages\/16","targetHints":{"allow":["GET"]}}],"collection":[{"href":"https:\/\/ferreteriatemprano.com\/eu\/wp-json\/wp\/v2\/pages"}],"about":[{"href":"https:\/\/ferreteriatemprano.com\/eu\/wp-json\/wp\/v2\/types\/page"}],"author":[{"embeddable":true,"href":"https:\/\/ferreteriatemprano.com\/eu\/wp-json\/wp\/v2\/users\/1"}],"replies":[{"embeddable":true,"href":"https:\/\/ferreteriatemprano.com\/eu\/wp-json\/wp\/v2\/comments?post=16"}],"version-history":[{"count":61,"href":"https:\/\/ferreteriatemprano.com\/eu\/wp-json\/wp\/v2\/pages\/16\/revisions"}],"predecessor-version":[{"id":236,"href":"https:\/\/ferreteriatemprano.com\/eu\/wp-json\/wp\/v2\/pages\/16\/revisions\/236"}],"wp:attachment":[{"href":"https:\/\/ferreteriatemprano.com\/eu\/wp-json\/wp\/v2\/media?parent=16"}],"curies":[{"name":"wp","href":"https:\/\/api.w.org\/{rel}","templated":true}]}}